{"id":4495,"date":"2023-08-30T08:58:38","date_gmt":"2023-08-30T08:58:38","guid":{"rendered":"https:\/\/dnatest.ee\/?page_id=4495"},"modified":"2024-04-10T09:16:49","modified_gmt":"2024-04-10T09:16:49","slug":"jarelmaks","status":"publish","type":"page","link":"https:\/\/dnatest.ee\/ru\/jarelmaks\/","title":{"rendered":"\u0420\u0430\u0441\u0441\u0440\u043e\u0447\u043a\u0430 ESTO"},"content":{"rendered":"<div data-elementor-type=\"wp-page\" data-elementor-id=\"4495\" class=\"elementor elementor-4495\">\n\t\t\t\t\t\t<section class=\"elementor-section elementor-top-section elementor-element elementor-element-207efea2 elementor-section-boxed elementor-section-height-default elementor-section-height-default exad-glass-effect-no exad-sticky-section-no\" data-id=\"207efea2\" data-element_type=\"section\" data-e-type=\"section\">\n\t\t\t\t\t\t<div class=\"elementor-container elementor-column-gap-default\">\n\t\t\t\t\t<div class=\"elementor-column elementor-col-100 elementor-top-column elementor-element elementor-element-7d929156 exad-glass-effect-no exad-sticky-section-no\" data-id=\"7d929156\" data-element_type=\"column\" data-e-type=\"column\">\n\t\t\t<div class=\"elementor-widget-wrap elementor-element-populated\">\n\t\t\t\t\t\t<div class=\"elementor-element elementor-element-643be105 exad-sticky-section-no exad-glass-effect-no elementor-widget elementor-widget-spacer\" data-id=\"643be105\" data-element_type=\"widget\" data-e-type=\"widget\" data-widget_type=\"spacer.default\">\n\t\t\t\t<div class=\"elementor-widget-container\">\n\t\t\t\t\t\t\t<div class=\"elementor-spacer\">\n\t\t\t<div class=\"elementor-spacer-inner\"><\/div>\n\t\t<\/div>\n\t\t\t\t\t\t<\/div>\n\t\t\t\t<\/div>\n\t\t\t\t\t<\/div>\n\t\t<\/div>\n\t\t\t\t\t<\/div>\n\t\t<\/section>\n\t\t\t\t<section class=\"elementor-section elementor-top-section elementor-element elementor-element-5132814 elementor-section-boxed elementor-section-height-default elementor-section-height-default exad-glass-effect-no exad-sticky-section-no\" data-id=\"5132814\" data-element_type=\"section\" data-e-type=\"section\">\n\t\t\t\t\t\t<div class=\"elementor-container elementor-column-gap-default\">\n\t\t\t\t\t<div class=\"elementor-column elementor-col-100 elementor-top-column elementor-element elementor-element-6cad20f exad-glass-effect-no exad-sticky-section-no\" data-id=\"6cad20f\" data-element_type=\"column\" data-e-type=\"column\">\n\t\t\t<div class=\"elementor-widget-wrap elementor-element-populated\">\n\t\t\t\t\t\t<div class=\"elementor-element elementor-element-c305182 elementor-widget__width-initial exad-sticky-section-no exad-glass-effect-no elementor-widget elementor-widget-heading\" data-id=\"c305182\" data-element_type=\"widget\" data-e-type=\"widget\" data-widget_type=\"heading.default\">\n\t\t\t\t<div class=\"elementor-widget-container\">\n\t\t\t\t\t<h2 class=\"elementor-heading-title elementor-size-default\">Jarelmaks<\/h2>\t\t\t\t<\/div>\n\t\t\t\t<\/div>\n\t\t\t\t\t<\/div>\n\t\t<\/div>\n\t\t\t\t\t<\/div>\n\t\t<\/section>\n\t\t\t\t<section class=\"elementor-section elementor-top-section elementor-element elementor-element-6ee6a0a7 elementor-section-content-middle elementor-section-boxed elementor-section-height-default elementor-section-height-default exad-glass-effect-no exad-sticky-section-no\" data-id=\"6ee6a0a7\" data-element_type=\"section\" data-e-type=\"section\">\n\t\t\t\t\t\t<div class=\"elementor-container elementor-column-gap-default\">\n\t\t\t\t\t<div class=\"elementor-column elementor-col-100 elementor-top-column elementor-element elementor-element-845113 exad-glass-effect-no exad-sticky-section-no\" data-id=\"845113\" data-element_type=\"column\" data-e-type=\"column\">\n\t\t\t<div class=\"elementor-widget-wrap elementor-element-populated\">\n\t\t\t\t\t\t<div class=\"elementor-element elementor-element-328c8af4 exad-sticky-section-no exad-glass-effect-no elementor-widget elementor-widget-image\" data-id=\"328c8af4\" data-element_type=\"widget\" data-e-type=\"widget\" data-widget_type=\"image.default\">\n\t\t\t\t<div class=\"elementor-widget-container\">\n\t\t\t\t\t\t\t\t\t\t\t\t\t\t\t<img fetchpriority=\"high\" decoding=\"async\" width=\"1000\" height=\"523\" src=\"https:\/\/dnatest.ee\/wp-content\/uploads\/2024\/04\/esto1.jpg\" class=\"attachment-large size-large wp-image-5054\" alt=\"\" srcset=\"https:\/\/dnatest.ee\/wp-content\/uploads\/2024\/04\/esto1.jpg 1000w, https:\/\/dnatest.ee\/wp-content\/uploads\/2024\/04\/esto1-300x157.jpg 300w, https:\/\/dnatest.ee\/wp-content\/uploads\/2024\/04\/esto1-768x402.jpg 768w, https:\/\/dnatest.ee\/wp-content\/uploads\/2024\/04\/esto1-18x9.jpg 18w, https:\/\/dnatest.ee\/wp-content\/uploads\/2024\/04\/esto1-600x314.jpg 600w\" sizes=\"(max-width: 1000px) 100vw, 1000px\" \/>\t\t\t\t\t\t\t\t\t\t\t\t\t\t\t<\/div>\n\t\t\t\t<\/div>\n\t\t\t\t<div class=\"elementor-element elementor-element-40d9f7e exad-sticky-section-no exad-glass-effect-no elementor-widget elementor-widget-text-editor\" data-id=\"40d9f7e\" data-element_type=\"widget\" data-e-type=\"widget\" data-widget_type=\"text-editor.default\">\n\t\t\t\t<div class=\"elementor-widget-container\">\n\t\t\t\t\t\t\t\t\t<p><strong>Ei soovi maksta kogu summat korraga? Maksa osamaksete kaupa!<\/strong><\/p><p>ESTO \u00a0j\u00e4relmaksu puhul on tegemist \u00fclimalt kiire ning mugava makselahendusega, mis aitab koostada sulle sinu poolt valitud perioodi alusel maksegraafiku. Makselahendus teeb otsuse reaalajas ning aitab ostu sooritada v\u00e4hem kui 60 sekundiga.<\/p><p>Lisa sobivad tooted ostukorvi, kinnita oma tellimus ning vali makseviisidest ESTO j\u00e4relmaks. Ostu kinnitamisel vali endale sobiv periood, igakuise osamakse suurus ning digiallkirjasta mugavalt ID-kaardi, Smart-ID v\u00f5i Mobiili-ID abil.<\/p><ul><li>ESTO j\u00e4relmaksu saavad taotleda k\u00f5ik 18-70-aastased Eesti Vabariigi kodanikud.<\/li><li>ESTO j\u00e4relmaks on v\u00f5imalik vormistada kiirelt ja mugavalt ka juriidilisele isikule.<\/li><li>ESTO j\u00e4relmaksu pakub ja haldab ESTO AS.<\/li><\/ul><p><strong>T\u00c4HELEPANU! <\/strong>Iga j\u00e4relmaks on finantskohustus. Enne j\u00e4relmaksulepingu s\u00f5lmimist tutvuge vastava teenuse tingimustega ning vajadusel konsulteerige asjatundjaga. <em>Iga finantsotsusega kaasnevad riskid ja kohustused, mist\u00f5ttu palume laenutoodete tarbimise vajadus hoolikalt l\u00e4bi m\u00f5elda. N\u00e4iteks 1290-eurose laenusumma puhul 24 kuuks fikseeritud intressiga 14.90% aastas ja lepingutasuga 0 eurot on krediidi kulukuse m\u00e4\u00e4r 31.62%, kuumakse suurus 70.67 eurot ning tarbija poolt tagasimakstav kogusumma 1696.08 eurot. J\u00e4relmaks on finantskohustus ning enne otsuse tegemist tutvuge p\u00f5hjalikult lepingutingimustega ja vajadusel pidage n\u00f5u ESTO AS t\u00f6\u00f6tajaga v\u00f5i muu asjatundjaga. J\u00e4relmaksu pakub ja haldab ESTO AS.<\/em><\/p><p><strong>MIS ON ESTO? <\/strong>ESTO on finantsteenuseid pakkuv ettev\u00f5te, mille algusaeg ulatub aastasse 2016. Br\u00e4nd sai alguse vajadusest uue generatsiooni makselahenduste j\u00e4rele, mis oleksid sobilikud nii l\u00f5pptarbijale kui ka m\u00fc\u00fcjale. T\u00e4na pakub ESTO k\u00f5ige suuremat valikut erinevaid makselahendusi Baltikumis ning ESTO partnerv\u00f5rgustikku kuulub \u00fcle 2600 koost\u00f6\u00f6partneri ja kaupluse ning \u00fcle 300 000 kliendi.<\/p><p>Tutvu tingimustega siin: <a href=\"http:\/\/www.esto.ee\">www.esto.ee<\/a><\/p><p>\u00a0<\/p><p>Vajadusel kontakteeruge ESTO AS t\u00f6\u00f6tajaga &#8211; <a href=\"mailto:info@esto.ee\">info@esto.ee<\/a> v\u00f5i <a href=\"http:\/\/www.esto.ee\">www.esto.ee<\/a> LIVE chat-aknas.<\/p>\t\t\t\t\t\t\t\t<\/div>\n\t\t\t\t<\/div>\n\t\t\t\t<div class=\"elementor-element elementor-element-31d4065d exad-sticky-section-no exad-glass-effect-no elementor-widget elementor-widget-image\" data-id=\"31d4065d\" data-element_type=\"widget\" data-e-type=\"widget\" data-widget_type=\"image.default\">\n\t\t\t\t<div class=\"elementor-widget-container\">\n\t\t\t\t\t\t\t\t\t\t\t\t\t\t\t<img decoding=\"async\" width=\"1000\" height=\"523\" src=\"https:\/\/dnatest.ee\/wp-content\/uploads\/2024\/04\/esto2.jpg\" class=\"attachment-large size-large wp-image-5055\" alt=\"\" srcset=\"https:\/\/dnatest.ee\/wp-content\/uploads\/2024\/04\/esto2.jpg 1000w, https:\/\/dnatest.ee\/wp-content\/uploads\/2024\/04\/esto2-300x157.jpg 300w, https:\/\/dnatest.ee\/wp-content\/uploads\/2024\/04\/esto2-768x402.jpg 768w, https:\/\/dnatest.ee\/wp-content\/uploads\/2024\/04\/esto2-18x9.jpg 18w, https:\/\/dnatest.ee\/wp-content\/uploads\/2024\/04\/esto2-600x314.jpg 600w\" sizes=\"(max-width: 1000px) 100vw, 1000px\" \/>\t\t\t\t\t\t\t\t\t\t\t\t\t\t\t<\/div>\n\t\t\t\t<\/div>\n\t\t\t\t<div class=\"elementor-element elementor-element-29becf9e exad-sticky-section-no exad-glass-effect-no elementor-widget elementor-widget-text-editor\" data-id=\"29becf9e\" data-element_type=\"widget\" data-e-type=\"widget\" data-widget_type=\"text-editor.default\">\n\t\t\t\t<div class=\"elementor-widget-container\">\n\t\t\t\t\t\t\t\t\t<p><strong>ESTO 3 makseviis on innovatiivne lahendus, mis v\u00f5imaldab ostu kinnitada ja tasuda mugavalt ning kiirelt &#8211; kolmes v\u00f5rdses osas, ilma lisatasudeta!<\/strong><\/p><p>Vali e-poe kassas oma ostude eest tasumiseks \u00fclimalt populaarne ESTO 3-osaline makseviis!<\/p><p>ESTO 3 aitab jagada ostusumma kuni 3-ks v\u00f5rdseks osaks. <br \/><br \/><\/p><ul><li>\u00dchtegi lisatasu ei lisandu.<\/li><li>Lihtsalt kolm v\u00f5rdses osas makset, kolme kuu jooksul.<\/li><li>Esimene makse on alles j\u00e4rgmise kuu 15. kuup\u00e4eval.<\/li><\/ul><p>ESTO 3 makseviisi pakub ja haldab ESTO AS.<\/p>\t\t\t\t\t\t\t\t<\/div>\n\t\t\t\t<\/div>\n\t\t\t\t<div class=\"elementor-element elementor-element-516f81c1 elementor-widget__width-inherit exad-sticky-section-no exad-glass-effect-no elementor-widget elementor-widget-image\" data-id=\"516f81c1\" data-element_type=\"widget\" data-e-type=\"widget\" data-widget_type=\"image.default\">\n\t\t\t\t<div class=\"elementor-widget-container\">\n\t\t\t\t\t\t\t\t\t\t\t\t\t\t\t<img decoding=\"async\" width=\"1024\" height=\"657\" src=\"https:\/\/dnatest.ee\/wp-content\/uploads\/2024\/04\/esto3-1024x657.jpg\" class=\"attachment-large size-large wp-image-5056\" alt=\"\" srcset=\"https:\/\/dnatest.ee\/wp-content\/uploads\/2024\/04\/esto3-1024x657.jpg 1024w, https:\/\/dnatest.ee\/wp-content\/uploads\/2024\/04\/esto3-300x192.jpg 300w, https:\/\/dnatest.ee\/wp-content\/uploads\/2024\/04\/esto3-768x492.jpg 768w, https:\/\/dnatest.ee\/wp-content\/uploads\/2024\/04\/esto3-1536x985.jpg 1536w, https:\/\/dnatest.ee\/wp-content\/uploads\/2024\/04\/esto3-18x12.jpg 18w, https:\/\/dnatest.ee\/wp-content\/uploads\/2024\/04\/esto3-600x385.jpg 600w, https:\/\/dnatest.ee\/wp-content\/uploads\/2024\/04\/esto3.jpg 1920w\" sizes=\"(max-width: 1024px) 100vw, 1024px\" \/>\t\t\t\t\t\t\t\t\t\t\t\t\t\t\t<\/div>\n\t\t\t\t<\/div>\n\t\t\t\t<div class=\"elementor-element elementor-element-211936d8 exad-sticky-section-no exad-glass-effect-no elementor-widget elementor-widget-text-editor\" data-id=\"211936d8\" data-element_type=\"widget\" data-e-type=\"widget\" data-widget_type=\"text-editor.default\">\n\t\t\t\t<div class=\"elementor-widget-container\">\n\t\t\t\t\t\t\t\t\t<p>Vali oma ostude eest tasumiseks ESTO maksa hiljem. Kinnita ost vaid paari klikiga, saa tellimus k\u00e4tte ning maksa tagasi ilma \u00fchegi lisakuluta 30 p\u00e4eva jooksul!<\/p><p><strong>Ole nutikas ja vali ostude eest tasumiseks ESTO maksa hiljem! <\/strong><\/p><p>Maksa hiljem on nutikate inimeste makseviis &#8211; saa kaup kohe k\u00e4tte ning maksa tagasi paindliku tagasimaksegraafiku alusel.<\/p><p>Soeta paari klikiga just seda, mida vajad &#8211; puudub intress, lisatasu ja sissemakse!<\/p>\t\t\t\t\t\t\t\t<\/div>\n\t\t\t\t<\/div>\n\t\t\t\t<div class=\"elementor-element elementor-element-520028 elementor-widget__width-inherit exad-sticky-section-no exad-glass-effect-no elementor-widget elementor-widget-image\" data-id=\"520028\" data-element_type=\"widget\" data-e-type=\"widget\" data-widget_type=\"image.default\">\n\t\t\t\t<div class=\"elementor-widget-container\">\n\t\t\t\t\t\t\t\t\t\t\t\t\t\t\t<img loading=\"lazy\" decoding=\"async\" width=\"1024\" height=\"204\" src=\"https:\/\/dnatest.ee\/wp-content\/uploads\/2024\/04\/esto4-1024x204.jpg\" class=\"attachment-large size-large wp-image-5057\" alt=\"\" srcset=\"https:\/\/dnatest.ee\/wp-content\/uploads\/2024\/04\/esto4-1024x204.jpg 1024w, https:\/\/dnatest.ee\/wp-content\/uploads\/2024\/04\/esto4-300x60.jpg 300w, https:\/\/dnatest.ee\/wp-content\/uploads\/2024\/04\/esto4-768x153.jpg 768w, https:\/\/dnatest.ee\/wp-content\/uploads\/2024\/04\/esto4-1536x306.jpg 1536w, https:\/\/dnatest.ee\/wp-content\/uploads\/2024\/04\/esto4-18x4.jpg 18w, https:\/\/dnatest.ee\/wp-content\/uploads\/2024\/04\/esto4-600x119.jpg 600w, https:\/\/dnatest.ee\/wp-content\/uploads\/2024\/04\/esto4.jpg 1920w\" sizes=\"(max-width: 1024px) 100vw, 1024px\" \/>\t\t\t\t\t\t\t\t\t\t\t\t\t\t\t<\/div>\n\t\t\t\t<\/div>\n\t\t\t\t\t<\/div>\n\t\t<\/div>\n\t\t\t\t\t<\/div>\n\t\t<\/section>\n\t\t\t\t<\/div>","protected":false},"excerpt":{"rendered":"<p>Jarelmaks Ei soovi maksta kogu summat korraga? Maksa osamaksete kaupa! ESTO \u00a0j\u00e4relmaksu puhul on tegemist \u00fclimalt kiire ning mugava makselahendusega, mis aitab koostada sulle sinu poolt valitud perioodi alusel maksegraafiku. Makselahendus teeb otsuse reaalajas ning aitab ostu sooritada v\u00e4hem kui 60 sekundiga. Lisa sobivad tooted ostukorvi, kinnita oma tellimus ning vali makseviisidest ESTO j\u00e4relmaks. Ostu [&hellip;]<\/p>\n","protected":false},"author":1,"featured_media":0,"parent":0,"menu_order":0,"comment_status":"closed","ping_status":"closed","template":"","meta":{"site-sidebar-layout":"no-sidebar","site-content-layout":"page-builder","ast-site-content-layout":"full-width-container","site-content-style":"default","site-sidebar-style":"default","ast-global-header-display":"","ast-banner-title-visibility":"","ast-main-header-display":"","ast-hfb-above-header-display":"","ast-hfb-below-header-display":"","ast-hfb-mobile-header-display":"","site-post-title":"disabled","ast-breadcrumbs-content":"","ast-featured-img":"disabled","footer-sml-layout":"","ast-disable-related-posts":"","theme-transparent-header-meta":"","adv-header-id-meta":"","stick-header-meta":"","header-above-stick-meta":"","header-main-stick-meta":"","header-below-stick-meta":"","astra-migrate-meta-layouts":"set","ast-page-background-enabled":"default","ast-page-background-meta":{"desktop":{"background-color":"","background-image":"","background-repeat":"repeat","background-position":"center center","background-size":"auto","background-attachment":"scroll","background-type":"","background-media":"","overlay-type":"","overlay-color":"","overlay-opacity":"","overlay-gradient":""},"tablet":{"background-color":"","background-image":"","background-repeat":"repeat","background-position":"center center","background-size":"auto","background-attachment":"scroll","background-type":"","background-media":"","overlay-type":"","overlay-color":"","overlay-opacity":"","overlay-gradient":""},"mobile":{"background-color":"","background-image":"","background-repeat":"repeat","background-position":"center center","background-size":"auto","background-attachment":"scroll","background-type":"","background-media":"","overlay-type":"","overlay-color":"","overlay-opacity":"","overlay-gradient":""}},"ast-content-background-meta":{"desktop":{"background-color":"var(--ast-global-color-5)","background-image":"","background-repeat":"repeat","background-position":"center center","background-size":"auto","background-attachment":"scroll","background-type":"","background-media":"","overlay-type":"","overlay-color":"","overlay-opacity":"","overlay-gradient":""},"tablet":{"background-color":"var(--ast-global-color-5)","background-image":"","background-repeat":"repeat","background-position":"center center","background-size":"auto","background-attachment":"scroll","background-type":"","background-media":"","overlay-type":"","overlay-color":"","overlay-opacity":"","overlay-gradient":""},"mobile":{"background-color":"var(--ast-global-color-5)","background-image":"","background-repeat":"repeat","background-position":"center center","background-size":"auto","background-attachment":"scroll","background-type":"","background-media":"","overlay-type":"","overlay-color":"","overlay-opacity":"","overlay-gradient":""}},"footnotes":""},"class_list":["post-4495","page","type-page","status-publish","hentry"],"_links":{"self":[{"href":"https:\/\/dnatest.ee\/ru\/wp-json\/wp\/v2\/pages\/4495","targetHints":{"allow":["GET"]}}],"collection":[{"href":"https:\/\/dnatest.ee\/ru\/wp-json\/wp\/v2\/pages"}],"about":[{"href":"https:\/\/dnatest.ee\/ru\/wp-json\/wp\/v2\/types\/page"}],"author":[{"embeddable":true,"href":"https:\/\/dnatest.ee\/ru\/wp-json\/wp\/v2\/users\/1"}],"replies":[{"embeddable":true,"href":"https:\/\/dnatest.ee\/ru\/wp-json\/wp\/v2\/comments?post=4495"}],"version-history":[{"count":10,"href":"https:\/\/dnatest.ee\/ru\/wp-json\/wp\/v2\/pages\/4495\/revisions"}],"predecessor-version":[{"id":5064,"href":"https:\/\/dnatest.ee\/ru\/wp-json\/wp\/v2\/pages\/4495\/revisions\/5064"}],"wp:attachment":[{"href":"https:\/\/dnatest.ee\/ru\/wp-json\/wp\/v2\/media?parent=4495"}],"curies":[{"name":"wp","href":"https:\/\/api.w.org\/{rel}","templated":true}]}}