{"id":4498,"date":"2023-08-30T08:58:48","date_gmt":"2023-08-30T08:58:48","guid":{"rendered":"https:\/\/dnatest.ee\/?page_id=4498"},"modified":"2023-08-30T09:42:29","modified_gmt":"2023-08-30T09:42:29","slug":"juhendid","status":"publish","type":"page","link":"https:\/\/dnatest.ee\/ru\/juhendid\/","title":{"rendered":"\u041d\u0430\u043f\u0440\u0430\u0432\u043b\u044f\u044e\u0449\u0438\u0435"},"content":{"rendered":"<div data-elementor-type=\"wp-page\" data-elementor-id=\"4498\" class=\"elementor elementor-4498\">\n\t\t\t\t\t\t<section class=\"elementor-section elementor-top-section elementor-element elementor-element-6b6da590 elementor-section-boxed elementor-section-height-default elementor-section-height-default exad-glass-effect-no exad-sticky-section-no\" data-id=\"6b6da590\" data-element_type=\"section\" data-e-type=\"section\">\n\t\t\t\t\t\t<div class=\"elementor-container elementor-column-gap-default\">\n\t\t\t\t\t<div class=\"elementor-column elementor-col-100 elementor-top-column elementor-element elementor-element-797ac6d5 exad-glass-effect-no exad-sticky-section-no\" data-id=\"797ac6d5\" data-element_type=\"column\" data-e-type=\"column\">\n\t\t\t<div class=\"elementor-widget-wrap elementor-element-populated\">\n\t\t\t\t\t\t<div class=\"elementor-element elementor-element-2941f2a4 exad-sticky-section-no exad-glass-effect-no elementor-widget elementor-widget-spacer\" data-id=\"2941f2a4\" data-element_type=\"widget\" data-e-type=\"widget\" data-widget_type=\"spacer.default\">\n\t\t\t\t<div class=\"elementor-widget-container\">\n\t\t\t\t\t\t\t<div class=\"elementor-spacer\">\n\t\t\t<div class=\"elementor-spacer-inner\"><\/div>\n\t\t<\/div>\n\t\t\t\t\t\t<\/div>\n\t\t\t\t<\/div>\n\t\t\t\t\t<\/div>\n\t\t<\/div>\n\t\t\t\t\t<\/div>\n\t\t<\/section>\n\t\t\t\t<section class=\"elementor-section elementor-top-section elementor-element elementor-element-55015b25 elementor-section-boxed elementor-section-height-default elementor-section-height-default exad-glass-effect-no exad-sticky-section-no\" data-id=\"55015b25\" data-element_type=\"section\" data-e-type=\"section\" data-settings=\"{&quot;background_background&quot;:&quot;classic&quot;}\">\n\t\t\t\t\t\t<div class=\"elementor-container elementor-column-gap-default\">\n\t\t\t\t\t<div class=\"elementor-column elementor-col-100 elementor-top-column elementor-element elementor-element-71adca86 exad-glass-effect-no exad-sticky-section-no\" data-id=\"71adca86\" data-element_type=\"column\" data-e-type=\"column\">\n\t\t\t<div class=\"elementor-widget-wrap elementor-element-populated\">\n\t\t\t\t\t\t<div class=\"elementor-element elementor-element-7a46b3c2 exad-sticky-section-no exad-glass-effect-no elementor-widget elementor-widget-heading\" data-id=\"7a46b3c2\" data-element_type=\"widget\" data-e-type=\"widget\" data-widget_type=\"heading.default\">\n\t\t\t\t<div class=\"elementor-widget-container\">\n\t\t\t\t\t<h2 class=\"elementor-heading-title elementor-size-default\">\u041d\u0430\u043f\u0440\u0430\u0432\u043b\u044f\u044e\u0449\u0438\u0435<\/h2>\t\t\t\t<\/div>\n\t\t\t\t<\/div>\n\t\t\t\t<div class=\"elementor-element elementor-element-42aed9d9 exad-sticky-section-no exad-glass-effect-no elementor-widget elementor-widget-text-editor\" data-id=\"42aed9d9\" data-element_type=\"widget\" data-e-type=\"widget\" data-widget_type=\"text-editor.default\">\n\t\t\t\t<div class=\"elementor-widget-container\">\n\t\t\t\t\t\t\t\t\t<p><strong>\u041d\u0435 \u0440\u0435\u043a\u043e\u043c\u0435\u043d\u0434\u0443\u0435\u0442\u0441\u044f \u0435\u0441\u0442\u044c, \u043f\u0438\u0442\u044c, \u043a\u0443\u0440\u0438\u0442\u044c, \u0447\u0438\u0441\u0442\u0438\u0442\u044c \u0437\u0443\u0431\u044b, \u0438\u0441\u043f\u043e\u043b\u044c\u0437\u043e\u0432\u0430\u0442\u044c \u0436\u0435\u0432\u0430\u0442\u0435\u043b\u044c\u043d\u0443\u044e \u0440\u0435\u0437\u0438\u043d\u043a\u0443 \u0438\u043b\u0438 \u043e\u0441\u0432\u0435\u0436\u0438\u0442\u0435\u043b\u0438 \u0440\u0442\u0430 \u043d\u0435 \u043c\u0435\u043d\u0435\u0435 \u0447\u0435\u043c \u0437\u0430 30 \u043c\u0438\u043d\u0443\u0442 \u0434\u043e \u0432\u0437\u044f\u0442\u0438\u044f \u043e\u0431\u0440\u0430\u0437\u0446\u0430 \u0414\u041d\u041a. \u0414\u0432\u0430 \u043e\u0431\u0440\u0430\u0437\u0446\u0430 \u0414\u041d\u041a \u0431\u0435\u0440\u0443\u0442\u0441\u044f \u0443 \u043e\u0434\u043d\u043e\u0433\u043e \u0447\u0435\u043b\u043e\u0432\u0435\u043a\u0430.<\/strong><\/p><h4 class=\"translation-block\">\u0428\u0430\u0433 \u043f\u0435\u0440\u0432\u044b\u0439. \u0417\u0430\u043f\u043e\u043b\u043d\u0438\u0442\u0435 \u043d\u0435\u043e\u0431\u0445\u043e\u0434\u0438\u043c\u044b\u0435 \u0438\u043d\u0444\u043e\u0440\u043c\u0430\u0446\u0438\u043e\u043d\u043d\u044b\u0435 \u043f\u043e\u043b\u044f \u043d\u0430 \u043a\u043e\u043d\u0432\u0435\u0440\u0442\u0435.<\/h4><p>\u0412\u043e\u0437\u044c\u043c\u0438\u0442\u0435 \u043a\u043e\u043d\u0432\u0435\u0440\u0442 \u0441 \u043e\u0431\u0440\u0430\u0437\u0446\u0430\u043c\u0438. \u0423\u0431\u0435\u0434\u0438\u0442\u0435\u0441\u044c, \u0447\u0442\u043e \u0432\u044b \u043e\u0442\u043c\u0435\u0442\u0438\u043b\u0438 \u043d\u0430 \u043a\u043e\u043d\u0432\u0435\u0440\u0442\u0435, \u0441 \u0447\u0435\u043c \u0447\u0435\u043b\u043e\u0432\u0435\u043a \u0438\u043c\u0435\u0435\u0442 \u0434\u0435\u043b\u043e (\u043e\u0442\u0435\u0446, \u0440\u0435\u0431\u0435\u043d\u043e\u043a, \u043c\u0430\u0442\u044c), \u043f\u0440\u0435\u0436\u0434\u0435 \u0447\u0435\u043c \u0431\u0440\u0430\u0442\u044c \u043e\u0431\u0440\u0430\u0437\u0446\u044b. \u041f\u0440\u0430\u0432\u0438\u043b\u044c\u043d\u043e \u0437\u0430\u043f\u043e\u043b\u043d\u0438\u0442\u0435 \u0432\u0441\u0435 \u043d\u0435\u043e\u0431\u0445\u043e\u0434\u0438\u043c\u044b\u0435 \u0438\u043d\u0444\u043e\u0440\u043c\u0430\u0446\u0438\u043e\u043d\u043d\u044b\u0435 \u043f\u043e\u043b\u044f \u043d\u0430 \u043a\u043e\u043d\u0432\u0435\u0440\u0442\u0435.<\/p><h4 class=\"translation-block\">\u0412\u0442\u043e\u0440\u043e\u0439 \u0448\u0430\u0433. \u0411\u0440\u0430\u0442\u044c \u041e\u0431\u0440\u0430\u0437\u0435\u0446 \u0414\u041d\u041a \u0441 \u0432\u0430\u0442\u043d\u044b\u043c\u0438 \u043f\u0430\u043b\u043e\u0447\u043a\u0430\u043c\u0438.<\/h4><p class=\"translation-block\">\u041e\u0442\u043a\u0440\u043e\u0439\u0442\u0435 \u0443\u043f\u0430\u043a\u043e\u0432\u043a\u0443 \u0441\u043e \u0441\u0442\u043e\u0440\u043e\u043d\u044b \u0440\u0443\u0447\u043a\u0438 \u0432\u0430\u0442\u043d\u043e\u0433\u043e \u0442\u0430\u043c\u043f\u043e\u043d\u0430 \u0438 \u0438\u0437\u0432\u043b\u0435\u043a\u0438\u0442\u0435 \u0441\u0442\u0435\u0440\u0438\u043b\u044c\u043d\u044b\u0439 \u0432\u0430\u0442\u043d\u044b\u0439 \u0442\u0430\u043c\u043f\u043e\u043d \u0438\u0437 \u0443\u043f\u0430\u043a\u043e\u0432\u043a\u0438.\n\u0412\u0430\u0436\u043d\u043e! \u041d\u0435 \u043f\u0440\u0438\u043a\u0430\u0441\u0430\u0439\u0442\u0435\u0441\u044c \u0440\u0443\u043a\u0430\u043c\u0438 \u043a \u0431\u0435\u043b\u044b\u043c \u0432\u0430\u0442\u043d\u044b\u043c \u043a\u043e\u043d\u0446\u0430\u043c \u0432\u0430\u0442\u043d\u044b\u0445 \u043f\u0430\u043b\u043e\u0447\u0435\u043a \u0438 \u043d\u0435 \u043a\u043b\u0430\u0434\u0438\u0442\u0435 \u0438\u0445 \u043d\u0430 \u0441\u0442\u043e\u043b \u0438\u043b\u0438 \u0434\u0440\u0443\u0433\u0443\u044e \u043f\u043e\u0432\u0435\u0440\u0445\u043d\u043e\u0441\u0442\u044c.<\/p><p>\u041e\u0442\u043a\u0440\u043e\u0439\u0442\u0435 \u0440\u043e\u0442, \u043f\u043e\u043b\u043e\u0436\u0438\u0442\u0435 \u0432\u0430\u0442\u043d\u044b\u0439 \u0442\u0430\u043c\u043f\u043e\u043d \u0432 \u0440\u043e\u0442 \u043d\u0430 \u0441\u043b\u0438\u0437\u0438\u0441\u0442\u0443\u044e \u043e\u0431\u043e\u043b\u043e\u0447\u043a\u0443 \u0449\u0435\u043a\u0438, \u0434\u0432\u0438\u0433\u0430\u0439\u0442\u0435 \u0441\u043f\u0438\u0447\u043a\u043e\u0439 \u0432\u0432\u0435\u0440\u0445-\u0432\u043d\u0438\u0437, \u0432\u043f\u0440\u0430\u0432\u043e \u0438 \u0432\u043b\u0435\u0432\u043e. \u0421\u043b\u0435\u0434\u0438\u0442\u0435 \u0437\u0430 \u0442\u0435\u043c, \u0447\u0442\u043e\u0431\u044b \u0432\u0430\u0442\u043d\u044b\u0439 \u0442\u0430\u043c\u043f\u043e\u043d \u043d\u0430\u0445\u043e\u0434\u0438\u043b\u0441\u044f \u043d\u0430\u043f\u0440\u043e\u0442\u0438\u0432 \u0441\u043b\u0438\u0437\u0438\u0441\u0442\u043e\u0439 \u043e\u0431\u043e\u043b\u043e\u0447\u043a\u0438 \u0449\u0435\u043a\u0438 \u043d\u0430 \u043f\u0440\u043e\u0442\u044f\u0436\u0435\u043d\u0438\u0438 \u0432\u0441\u0435\u0439 \u043f\u0440\u043e\u0446\u0435\u0434\u0443\u0440\u044b. \u0427\u0442\u043e\u0431\u044b \u0432\u0430\u0442\u043d\u044b\u0439 \u0442\u0430\u043c\u043f\u043e\u043d \u043d\u0430\u0431\u0440\u0430\u043b \u0434\u043e\u0441\u0442\u0430\u0442\u043e\u0447\u043d\u043e\u0435 \u043a\u043e\u043b\u0438\u0447\u0435\u0441\u0442\u0432\u043e \u043a\u043b\u0435\u0442\u043e\u043a, \u0432\u0440\u0430\u0449\u0430\u0439\u0442\u0435 \u0432\u0430\u0442\u043d\u044b\u0439 \u0442\u0430\u043c\u043f\u043e\u043d \u043c\u0435\u0436\u0434\u0443 \u043f\u0430\u043b\u044c\u0446\u0430\u043c\u0438 \u0432\u043e \u0432\u0440\u0435\u043c\u044f \u0432\u0437\u044f\u0442\u0438\u044f \u043e\u0431\u0440\u0430\u0437\u0446\u0430. \u041f\u043e\u0432\u0442\u043e\u0440\u0438\u0442\u0435 \u0442\u043e\u0442 \u0436\u0435 \u043f\u0440\u043e\u0446\u0435\u0441\u0441 \u0441 \u043e\u0431\u043e\u0438\u043c\u0438 \u0432\u0430\u0442\u043d\u044b\u043c\u0438 \u043f\u0430\u043b\u043e\u0447\u043a\u0430\u043c\u0438. \u0418\u0441\u043f\u043e\u043b\u044c\u0437\u0443\u0439\u0442\u0435 \u043e\u0434\u043d\u0443 \u0441\u043f\u0438\u0447\u043a\u0443 \u0434\u043b\u044f \u043b\u0435\u0432\u043e\u0439, \u0430 \u0434\u0440\u0443\u0433\u0443\u044e \u0434\u043b\u044f \u043f\u0440\u0430\u0432\u043e\u0439 \u0449\u0435\u043a\u0438.<\/p><h4 class=\"translation-block\">\u0422\u0440\u0435\u0442\u0438\u0439 \u0448\u0430\u0433. \u041f\u043e\u043b\u043e\u0436\u0438\u0442\u0435 \u0432\u0430\u0442\u043d\u044b\u0435 \u043f\u0430\u043b\u043e\u0447\u043a\u0438 \u0432 \u043e\u0440\u0438\u0433\u0438\u043d\u0430\u043b\u044c\u043d\u0443\u044e \u0431\u0430\u043d\u043a\u043d\u043e\u0442\u0443, \u0430 \u0437\u0430\u0442\u0435\u043c \u0432 \u0431\u0443\u043c\u0430\u0436\u043d\u044b\u0439 \u043a\u043e\u043d\u0432\u0435\u0440\u0442.<\/h4><p>\u041f\u043e\u0441\u043b\u0435 \u0442\u043e\u0433\u043e, \u043a\u0430\u043a \u0432\u044b \u0432\u044b\u043d\u0443\u043b\u0438 \u0432\u0430\u0442\u043d\u044b\u0435 \u043f\u0430\u043b\u043e\u0447\u043a\u0438 \u0438\u0437\u043e \u0440\u0442\u0430, \u043f\u043e\u043c\u0435\u0441\u0442\u0438\u0442\u0435 \u0438\u0445 \u043e\u0431\u0440\u0430\u0442\u043d\u043e \u0432 \u043e\u0440\u0438\u0433\u0438\u043d\u0430\u043b\u044c\u043d\u0443\u044e \u0443\u043f\u0430\u043a\u043e\u0432\u043a\u0443, \u0430 \u0437\u0430\u0442\u0435\u043c \u043f\u043e\u043c\u0435\u0441\u0442\u0438\u0442\u0435 \u0432\u0430\u0442\u043d\u044b\u0435 \u043f\u0430\u043b\u043e\u0447\u043a\u0438 \u0432\u043c\u0435\u0441\u0442\u0435 \u0441 \u043f\u0430\u043a\u0435\u0442\u043e\u043c \u0432 \u043a\u043e\u043d\u0432\u0435\u0440\u0442 \u0441 \u0431\u0443\u043c\u0430\u0436\u043d\u044b\u043c\u0438 \u043e\u0431\u0440\u0430\u0437\u0446\u0430\u043c\u0438. \u0412\u0430\u0436\u043d\u043e \u043f\u043e\u043c\u0435\u0441\u0442\u0438\u0442\u044c \u0432\u0430\u0442\u043d\u044b\u0435 \u043f\u0430\u043b\u043e\u0447\u043a\u0438 \u0441 \u043f\u0430\u043a\u0435\u0442\u043e\u043c \u0432 \u0431\u0443\u043c\u0430\u0436\u043d\u044b\u0439 \u043a\u043e\u043d\u0432\u0435\u0440\u0442 \u043d\u0443\u0436\u043d\u043e\u0433\u043e \u0447\u0435\u043b\u043e\u0432\u0435\u043a\u0430 (\u043e\u0442\u0446\u0430, \u043c\u0430\u0442\u0435\u0440\u0438 \u0438\u043b\u0438 \u0440\u0435\u0431\u0435\u043d\u043a\u0430) \u0438 \u0437\u0430\u043a\u0440\u044b\u0442\u044c \u043a\u043e\u043d\u0432\u0435\u0440\u0442.<\/p><h4 class=\"translation-block\">\u0428\u0430\u0433 \u0447\u0435\u0442\u0432\u0435\u0440\u0442\u044b\u0439. \u0412\u044b\u043f\u043e\u043b\u043d\u0438\u0442\u0435 \u043f\u0435\u0440\u0432\u044b\u0439, \u0432\u0442\u043e\u0440\u043e\u0439 \u0438 \u0442\u0440\u0435\u0442\u0438\u0439 \u0448\u0430\u0433\u0438 \u0441 \u043a\u0430\u0436\u0434\u044b\u043c \u0442\u0435\u0441\u0442\u0438\u0440\u0443\u0435\u043c\u044b\u043c \u0447\u0435\u043b\u043e\u0432\u0435\u043a\u043e\u043c.<\/h4><p>\u0412\u043e\u0437\u044c\u043c\u0438\u0442\u0435 \u043e\u0431\u0440\u0430\u0437\u0446\u044b \u0443 \u043a\u0430\u0436\u0434\u043e\u0433\u043e \u0447\u0435\u043b\u043e\u0432\u0435\u043a\u0430 \u0434\u043b\u044f \u0442\u0435\u0441\u0442\u0438\u0440\u043e\u0432\u0430\u043d\u0438\u044f, \u0441\u043b\u0435\u0434\u0443\u044f \u043f\u0440\u0438\u0432\u0435\u0434\u0435\u043d\u043d\u044b\u043c \u0432\u044b\u0448\u0435 \u0438\u043d\u0441\u0442\u0440\u0443\u043a\u0446\u0438\u044f\u043c.<\/p><h4><b>\u0428\u0430\u0433 \u043f\u044f\u0442\u044b\u0439. \u041f\u0440\u0430\u0432\u0438\u043b\u044c\u043d\u043e \u0437\u0430\u043f\u043e\u043b\u043d\u0438\u0442\u0435 \u0438 \u043f\u043e\u0434\u043f\u0438\u0448\u0438\u0442\u0435 \u0444\u043e\u0440\u043c\u0443 \u00ab\u0414\u043e\u043a\u0443\u043c\u0435\u043d\u0442 \u043e \u0441\u043e\u0433\u043b\u0430\u0441\u0438\u0438\u00bb.<\/b><\/h4><p>\u0417\u0430\u043f\u043e\u043b\u043d\u0438\u0442\u0435 \u043d\u0435\u043e\u0431\u0445\u043e\u0434\u0438\u043c\u044b\u0435 \u043f\u0440\u043e\u0431\u0435\u043b\u044b \u0438 \u043f\u043e\u0434\u043f\u0438\u0448\u0438\u0442\u0435 \u0444\u043e\u0440\u043c\u0443 \u00ab\u0414\u043e\u043a\u0443\u043c\u0435\u043d\u0442 \u0441\u043e\u0433\u043b\u0430\u0441\u0438\u044f\u00bb.<br \/><strong>\u0412\u0430\u0436\u043d\u043e! \u0415\u0441\u043b\u0438 \u0442\u0435\u0441\u0442\u0438\u0440\u0443\u0435\u043c\u044b\u0439 \u0440\u0435\u0431\u0435\u043d\u043e\u043a \u044f\u0432\u043b\u044f\u0435\u0442\u0441\u044f \u043d\u0435\u0441\u043e\u0432\u0435\u0440\u0448\u0435\u043d\u043d\u043e\u043b\u0435\u0442\u043d\u0438\u043c (\u0442.\u0435. \u043d\u0435 \u0434\u043e\u0441\u0442\u0438\u0433\u0448\u0438\u043c 18 \u043b\u0435\u0442), \u0442\u043e \u0434\u043b\u044f \u0442\u0435\u0441\u0442\u0438\u0440\u043e\u0432\u0430\u043d\u0438\u044f \u0442\u0440\u0435\u0431\u0443\u0435\u0442\u0441\u044f \u0441\u043e\u0433\u043b\u0430\u0441\u0438\u0435 \u043e\u0431\u043e\u0438\u0445 \u0440\u043e\u0434\u0438\u0442\u0435\u043b\u0435\u0439.<\/strong><\/p><h4>\u0428\u0430\u0433 \u0448\u0435\u0441\u0442\u043e\u0439.<\/h4><p><strong>\u041f\u0440\u0438 \u0432\u043e\u0437\u0432\u0440\u0430\u0442\u0435 \u043e\u0431\u0440\u0430\u0437\u0446\u043e\u0432 \u043f\u043e\u043c\u0435\u0441\u0442\u0438\u0442\u0435 \u0432\u0441\u0435 \u043a\u043e\u043d\u0432\u0435\u0440\u0442\u044b \u0441 \u043e\u0431\u0440\u0430\u0437\u0446\u0430\u043c\u0438 \u0414\u041d\u041a \u0438 \u00ab\u0414\u043e\u043a\u0443\u043c\u0435\u043d\u0442 \u043e \u0441\u043e\u0433\u043b\u0430\u0441\u0438\u0438\u00bb \u0432 \u0441\u043f\u0435\u0446\u0438\u0430\u043b\u044c\u043d\u044b\u0439 \u043a\u043e\u043d\u0432\u0435\u0440\u0442 \u0434\u043b\u044f \u0432\u043e\u0437\u0432\u0440\u0430\u0442\u0430, \u043a\u043e\u0442\u043e\u0440\u044b\u0439 \u043f\u043e\u0441\u0442\u0430\u0432\u043b\u044f\u0435\u0442\u0441\u044f \u0441 \u043d\u0430\u0431\u043e\u0440\u043e\u043c \u0434\u043b\u044f \u0442\u0435\u0441\u0442\u0438\u0440\u043e\u0432\u0430\u043d\u0438\u044f \u0414\u041d\u041a. \u0414\u043e\u0441\u0442\u0430\u0432\u044c\u0442\u0435 \u043a\u043e\u043d\u0432\u0435\u0440\u0442 \u0432 \u043f\u043e\u0441\u044b\u043b\u043e\u0447\u043d\u044b\u0439 \u0430\u0432\u0442\u043e\u043c\u0430\u0442 Omniva \u0438 \u043f\u0440\u0438 \u0432\u043e\u0437\u0432\u0440\u0430\u0442\u0435 \u043a\u043e\u043d\u0432\u0435\u0440\u0442\u0430 \u0438\u0441\u043f\u043e\u043b\u044c\u0437\u0443\u0439\u0442\u0435 \u043e\u0442\u043f\u0440\u0430\u0432\u043b\u0435\u043d\u043d\u044b\u0439 \u0432\u0430\u043c \u043a\u043e\u0434 \u0432\u043e\u0437\u0432\u0440\u0430\u0442\u0430 (\u044d\u043b\u0435\u043a\u0442\u0440\u043e\u043d\u043d\u0430\u044f \u043f\u043e\u0447\u0442\u0430 \u0438 SMS). \u041e\u0431\u0440\u0430\u0442\u0438\u0442\u0435 \u0432\u043d\u0438\u043c\u0430\u043d\u0438\u0435, \u0447\u0442\u043e \u043a\u043e\u0434 \u0432\u043e\u0437\u0432\u0440\u0430\u0442\u0430 Omniva \u0434\u0435\u0439\u0441\u0442\u0432\u0438\u0442\u0435\u043b\u0435\u043d \u0432 \u0442\u0435\u0447\u0435\u043d\u0438\u0435 14 \u0434\u043d\u0435\u0439. \u041f\u043e\u0436\u0430\u043b\u0443\u0439\u0441\u0442\u0430, \u0441\u0432\u044f\u0436\u0438\u0442\u0435\u0441\u044c \u0441 \u043d\u0430\u043c\u0438 \u0447\u0435\u0440\u0435\u0437 \u0432\u0435\u0431-\u0441\u0430\u0439\u0442, \u0435\u0441\u043b\u0438 \u0432\u044b \u0445\u043e\u0442\u0438\u0442\u0435 \u0432\u0435\u0440\u043d\u0443\u0442\u044c \u043e\u0431\u0440\u0430\u0437\u0446\u044b \u043f\u043e\u0437\u0436\u0435.<\/strong><\/p><h4><span class=\"Apple-converted-space\">\u00a0<\/span>\u0417\u0410\u041c\u0415\u0422\u041a\u0410. \u0412 \u0441\u043b\u0443\u0447\u0430\u0435 \u043d\u0435\u0443\u0434\u0430\u0447\u0438, \u0435\u0441\u043b\u0438 \u043e\u0431\u0440\u0430\u0437\u0435\u0446 \u0414\u041d\u041a \u0431\u044b\u043b \u0432\u0437\u044f\u0442 \u043d\u0435\u043f\u0440\u0430\u0432\u0438\u043b\u044c\u043d\u043e \u0438\u0437 \u044d\u043f\u0438\u0442\u0435\u043b\u0438\u044f \u0432\u043d\u0443\u0442\u0440\u0435\u043d\u043d\u0435\u0439 \u0441\u0442\u043e\u0440\u043e\u043d\u044b \u0449\u0435\u043a\u0438 \u0438 \u043e\u0431\u0440\u0430\u0437\u0435\u0446 \u0431\u044b\u043b \u0432\u0437\u044f\u0442 \u0441\u0430\u043c\u0438\u043c \u043a\u043b\u0438\u0435\u043d\u0442\u043e\u043c \u0432 \u0434\u043e\u043c\u0430\u0448\u043d\u0438\u0445 \u0443\u0441\u043b\u043e\u0432\u0438\u044f\u0445, \u0435\u0441\u043b\u0438 \u043d\u0435\u043e\u0431\u0445\u043e\u0434\u0438\u043c\u043e \u043f\u043e\u0432\u0442\u043e\u0440\u043d\u043e\u0435 \u043e\u0431\u0441\u043b\u0435\u0434\u043e\u0432\u0430\u043d\u0438\u0435, \u0442\u043e \u0435\u0433\u043e \u0441\u0442\u043e\u0438\u043c\u043e\u0441\u0442\u044c \u0441\u043e\u0441\u0442\u0430\u0432\u043b\u044f\u0435\u0442 70\u20ac \u0437\u0430 \u043a\u0430\u0436\u0434\u043e\u0433\u043e \u0438\u0441\u0441\u043b\u0435\u0434\u0443\u0435\u043c\u043e\u0433\u043e, \u0438\u0441\u0441\u043b\u0435\u0434\u043e\u0432\u0430\u043d\u0438\u044f \u043a\u043e\u0442\u043e\u0440\u043e\u0433\u043e \u043d\u0435\u043e\u0431\u0445\u043e\u0434\u0438\u043c\u043e \u043f\u043e\u0432\u0442\u043e\u0440\u0438\u0442\u044c.\u00a0<span class=\"Apple-converted-space\">\u00a0<\/span><\/h4><p>\u0432\u0438\u0434\u0435\u043e \u043e \u0442\u043e\u043c, \u043a\u0430\u043a \u043f\u0440\u0430\u0432\u0438\u043b\u044c\u043d\u043e \u0431\u0440\u0430\u0442\u044c \u043e\u0431\u0440\u0430\u0437\u0446\u044b \u0414\u041d\u041a https:\/\/youtu.be\/nAi6Lva0gCU\u00a0<a href=\"https:\/\/youtu.be\/nAi6Lva0gCU\">https:\/\/youtu.be\/nAi6Lva0gCU<\/a><\/p>\t\t\t\t\t\t\t\t<\/div>\n\t\t\t\t<\/div>\n\t\t\t\t\t<\/div>\n\t\t<\/div>\n\t\t\t\t\t<\/div>\n\t\t<\/section>\n\t\t\t\t<\/div>","protected":false},"excerpt":{"rendered":"<p>Juhendid V\u00e4hemalt 30 minutit enne DNA proovi v\u00f5tmist ei ole soovitav s\u00fc\u00fca, juua, suitsetada, pesta hambaid, kasutada n\u00e4rimiskummi ega suuv\u00e4rskendajaid. \u00dchelt isikult v\u00f5etakse kaks DNA proovi. Esimene\u00a0Samm.\u00a0T\u00e4ida\u00a0\u00fcmbrikul\u00a0n\u00f5utavad\u00a0infov\u00e4ljad. V\u00f5ta proovide \u00fcmbrik. Veendu, et m\u00e4rgid enne proovide v\u00f5tmist \u00fcmbrikule, mis isikuga on tegemist (isa, laps, ema). T\u00e4ida k\u00f5ik \u00fcmbrikul n\u00f5utavad infov\u00e4ljad korrektselt. Teine\u00a0Samm.\u00a0V\u00f5ta\u00a0DNA\u00a0proov\u00a0vatitikkudega. Ava pakend vatitiku k\u00e4epideme [&hellip;]<\/p>\n","protected":false},"author":1,"featured_media":0,"parent":0,"menu_order":0,"comment_status":"closed","ping_status":"closed","template":"","meta":{"site-sidebar-layout":"no-sidebar","site-content-layout":"page-builder","ast-site-content-layout":"full-width-container","site-content-style":"default","site-sidebar-style":"default","ast-global-header-display":"","ast-banner-title-visibility":"","ast-main-header-display":"","ast-hfb-above-header-display":"","ast-hfb-below-header-display":"","ast-hfb-mobile-header-display":"","site-post-title":"disabled","ast-breadcrumbs-content":"","ast-featured-img":"disabled","footer-sml-layout":"","ast-disable-related-posts":"","theme-transparent-header-meta":"","adv-header-id-meta":"","stick-header-meta":"","header-above-stick-meta":"","header-main-stick-meta":"","header-below-stick-meta":"","astra-migrate-meta-layouts":"set","ast-page-background-enabled":"default","ast-page-background-meta":{"desktop":{"background-color":"","background-image":"","background-repeat":"repeat","background-position":"center center","background-size":"auto","background-attachment":"scroll","background-type":"","background-media":"","overlay-type":"","overlay-color":"","overlay-opacity":"","overlay-gradient":""},"tablet":{"background-color":"","background-image":"","background-repeat":"repeat","background-position":"center center","background-size":"auto","background-attachment":"scroll","background-type":"","background-media":"","overlay-type":"","overlay-color":"","overlay-opacity":"","overlay-gradient":""},"mobile":{"background-color":"","background-image":"","background-repeat":"repeat","background-position":"center center","background-size":"auto","background-attachment":"scroll","background-type":"","background-media":"","overlay-type":"","overlay-color":"","overlay-opacity":"","overlay-gradient":""}},"ast-content-background-meta":{"desktop":{"background-color":"var(--ast-global-color-5)","background-image":"","background-repeat":"repeat","background-position":"center center","background-size":"auto","background-attachment":"scroll","background-type":"","background-media":"","overlay-type":"","overlay-color":"","overlay-opacity":"","overlay-gradient":""},"tablet":{"background-color":"var(--ast-global-color-5)","background-image":"","background-repeat":"repeat","background-position":"center center","background-size":"auto","background-attachment":"scroll","background-type":"","background-media":"","overlay-type":"","overlay-color":"","overlay-opacity":"","overlay-gradient":""},"mobile":{"background-color":"var(--ast-global-color-5)","background-image":"","background-repeat":"repeat","background-position":"center center","background-size":"auto","background-attachment":"scroll","background-type":"","background-media":"","overlay-type":"","overlay-color":"","overlay-opacity":"","overlay-gradient":""}},"footnotes":""},"class_list":["post-4498","page","type-page","status-publish","hentry"],"_links":{"self":[{"href":"https:\/\/dnatest.ee\/ru\/wp-json\/wp\/v2\/pages\/4498","targetHints":{"allow":["GET"]}}],"collection":[{"href":"https:\/\/dnatest.ee\/ru\/wp-json\/wp\/v2\/pages"}],"about":[{"href":"https:\/\/dnatest.ee\/ru\/wp-json\/wp\/v2\/types\/page"}],"author":[{"embeddable":true,"href":"https:\/\/dnatest.ee\/ru\/wp-json\/wp\/v2\/users\/1"}],"replies":[{"embeddable":true,"href":"https:\/\/dnatest.ee\/ru\/wp-json\/wp\/v2\/comments?post=4498"}],"version-history":[{"count":4,"href":"https:\/\/dnatest.ee\/ru\/wp-json\/wp\/v2\/pages\/4498\/revisions"}],"predecessor-version":[{"id":4567,"href":"https:\/\/dnatest.ee\/ru\/wp-json\/wp\/v2\/pages\/4498\/revisions\/4567"}],"wp:attachment":[{"href":"https:\/\/dnatest.ee\/ru\/wp-json\/wp\/v2\/media?parent=4498"}],"curies":[{"name":"wp","href":"https:\/\/api.w.org\/{rel}","templated":true}]}}