{"id":4504,"date":"2023-08-30T08:59:10","date_gmt":"2023-08-30T08:59:10","guid":{"rendered":"https:\/\/dnatest.ee\/?page_id=4504"},"modified":"2023-08-31T14:30:41","modified_gmt":"2023-08-31T14:30:41","slug":"kuidas-tellida","status":"publish","type":"page","link":"https:\/\/dnatest.ee\/ru\/kuidas-tellida\/","title":{"rendered":"\u041a\u0430\u043a \u0437\u0430\u043a\u0430\u0437\u0430\u0442\u044c"},"content":{"rendered":"<div data-elementor-type=\"wp-page\" data-elementor-id=\"4504\" class=\"elementor elementor-4504\">\n\t\t\t\t\t\t<section class=\"elementor-section elementor-top-section elementor-element elementor-element-a2bbaf9 elementor-section-boxed elementor-section-height-default elementor-section-height-default exad-glass-effect-no exad-sticky-section-no\" data-id=\"a2bbaf9\" data-element_type=\"section\" data-e-type=\"section\">\n\t\t\t\t\t\t<div class=\"elementor-container elementor-column-gap-default\">\n\t\t\t\t\t<div class=\"elementor-column elementor-col-100 elementor-top-column elementor-element elementor-element-7203987e exad-glass-effect-no exad-sticky-section-no\" data-id=\"7203987e\" data-element_type=\"column\" data-e-type=\"column\">\n\t\t\t<div class=\"elementor-widget-wrap elementor-element-populated\">\n\t\t\t\t\t\t<div class=\"elementor-element elementor-element-2bb02550 exad-sticky-section-no exad-glass-effect-no elementor-widget elementor-widget-spacer\" data-id=\"2bb02550\" data-element_type=\"widget\" data-e-type=\"widget\" data-widget_type=\"spacer.default\">\n\t\t\t\t<div class=\"elementor-widget-container\">\n\t\t\t\t\t\t\t<div class=\"elementor-spacer\">\n\t\t\t<div class=\"elementor-spacer-inner\"><\/div>\n\t\t<\/div>\n\t\t\t\t\t\t<\/div>\n\t\t\t\t<\/div>\n\t\t\t\t\t<\/div>\n\t\t<\/div>\n\t\t\t\t\t<\/div>\n\t\t<\/section>\n\t\t\t\t<section class=\"elementor-section elementor-top-section elementor-element elementor-element-b299f06 elementor-section-boxed elementor-section-height-default elementor-section-height-default exad-glass-effect-no exad-sticky-section-no\" data-id=\"b299f06\" data-element_type=\"section\" data-e-type=\"section\" data-settings=\"{&quot;background_background&quot;:&quot;classic&quot;}\">\n\t\t\t\t\t\t<div class=\"elementor-container elementor-column-gap-default\">\n\t\t\t\t\t<div class=\"elementor-column elementor-col-100 elementor-top-column elementor-element elementor-element-591dba6 exad-glass-effect-no exad-sticky-section-no\" data-id=\"591dba6\" data-element_type=\"column\" data-e-type=\"column\">\n\t\t\t<div class=\"elementor-widget-wrap elementor-element-populated\">\n\t\t\t\t\t\t<div class=\"elementor-element elementor-element-b729b51 exad-sticky-section-no exad-glass-effect-no elementor-widget elementor-widget-heading\" data-id=\"b729b51\" data-element_type=\"widget\" data-e-type=\"widget\" data-widget_type=\"heading.default\">\n\t\t\t\t<div class=\"elementor-widget-container\">\n\t\t\t\t\t<h2 class=\"elementor-heading-title elementor-size-default\">\u041a\u0430\u043a \u0437\u0430\u043a\u0430\u0437\u0430\u0442\u044c<\/h2>\t\t\t\t<\/div>\n\t\t\t\t<\/div>\n\t\t\t\t<div class=\"elementor-element elementor-element-6252958f exad-sticky-section-no exad-glass-effect-no elementor-widget elementor-widget-text-editor\" data-id=\"6252958f\" data-element_type=\"widget\" data-e-type=\"widget\" data-widget_type=\"text-editor.default\">\n\t\t\t\t<div class=\"elementor-widget-container\">\n\t\t\t\t\t\t\t\t\t<ol><li style=\"text-align: left;\">\u0412\u044b\u0431\u0435\u0440\u0438\u0442\u0435 \u043f\u043e\u0434\u0445\u043e\u0434\u044f\u0449\u0438\u0439 \u0442\u0435\u0441\u0442 \u0438 \u0432\u0432\u0435\u0434\u0438\u0442\u0435 \u043d\u0435\u043e\u0431\u0445\u043e\u0434\u0438\u043c\u044b\u0435 \u0434\u0430\u043d\u043d\u044b\u0435<\/li><li style=\"text-align: left;\">\u041f\u043e\u043b\u0443\u0447\u0438\u0432 \u0430\u043d\u0430\u043b\u0438\u0437\u044b, \u0432\u0435\u0434\u0438\u0442\u0435 \u0441\u0435\u0431\u044f \u0441\u043e\u0433\u043b\u0430\u0441\u043d\u043e \u0438\u043d\u0441\u0442\u0440\u0443\u043a\u0446\u0438\u0438<\/li><li style=\"text-align: left;\">\u041f\u043e\u0441\u043b\u0435 \u0442\u0435\u0441\u0442\u0438\u0440\u043e\u0432\u0430\u043d\u0438\u044f \u0432\u0435\u0440\u043d\u0438\u0442\u0435 \u043e\u0431\u0440\u0430\u0437\u0446\u044b \u0414\u041d\u041a \u0441 \u043f\u0440\u0435\u0434\u043f\u043e\u043b\u0430\u0433\u0430\u0435\u043c\u044b\u043c \u0432\u043e\u0437\u0432\u0440\u0430\u0442\u043d\u044b\u043c \u043a\u043e\u043d\u0432\u0435\u0440\u0442\u043e\u043c.<\/li><li style=\"text-align: left;\">\u0420\u0435\u0437\u0443\u043b\u044c\u0442\u0430\u0442 \u0431\u0443\u0434\u0435\u0442 \u043e\u0442\u043f\u0440\u0430\u0432\u043b\u0435\u043d \u0432\u0430\u043c \u043f\u043e \u044d\u043b\u0435\u043a\u0442\u0440\u043e\u043d\u043d\u043e\u0439 \u043f\u043e\u0447\u0442\u0435<\/li><\/ol>\t\t\t\t\t\t\t\t<\/div>\n\t\t\t\t<\/div>\n\t\t\t\t\t<\/div>\n\t\t<\/div>\n\t\t\t\t\t<\/div>\n\t\t<\/section>\n\t\t\t\t<section class=\"elementor-section elementor-top-section elementor-element elementor-element-6110b347 elementor-section-boxed elementor-section-height-default elementor-section-height-default exad-glass-effect-no exad-sticky-section-no\" data-id=\"6110b347\" data-element_type=\"section\" data-e-type=\"section\" data-settings=\"{&quot;background_background&quot;:&quot;classic&quot;}\">\n\t\t\t\t\t\t<div class=\"elementor-container elementor-column-gap-default\">\n\t\t\t\t\t<div class=\"elementor-column elementor-col-100 elementor-top-column elementor-element elementor-element-6dc895fe exad-glass-effect-no exad-sticky-section-no\" data-id=\"6dc895fe\" data-element_type=\"column\" data-e-type=\"column\">\n\t\t\t<div class=\"elementor-widget-wrap elementor-element-populated\">\n\t\t\t\t\t\t<div class=\"elementor-element elementor-element-c2e852f exad-sticky-section-no exad-glass-effect-no elementor-widget elementor-widget-heading\" data-id=\"c2e852f\" data-element_type=\"widget\" data-e-type=\"widget\" data-widget_type=\"heading.default\">\n\t\t\t\t<div class=\"elementor-widget-container\">\n\t\t\t\t\t<h2 class=\"elementor-heading-title elementor-size-default\">\u042d\u0442\u0430\u043f\u044b \u0437\u0430\u043a\u0430\u0437\u0430 \u043e\u043f\u0438\u0441\u0430\u043d\u044b \u0431\u043e\u043b\u0435\u0435 \u043f\u043e\u0434\u0440\u043e\u0431\u043d\u043e<\/h2>\t\t\t\t<\/div>\n\t\t\t\t<\/div>\n\t\t\t\t<div class=\"elementor-element elementor-element-55aa1275 exad-sticky-section-no exad-glass-effect-no elementor-widget elementor-widget-text-editor\" data-id=\"55aa1275\" data-element_type=\"widget\" data-e-type=\"widget\" data-widget_type=\"text-editor.default\">\n\t\t\t\t<div class=\"elementor-widget-container\">\n\t\t\t\t\t\t\t\t\t<ul><li>\u0412\u044b\u0431\u0435\u0440\u0438\u0442\u0435 \u043d\u0443\u0436\u043d\u044b\u0439 \u0442\u0435\u0441\u0442.<\/li><li>\u0412\u0432\u0435\u0434\u0438\u0442\u0435 \u043d\u0435\u043e\u0431\u0445\u043e\u0434\u0438\u043c\u044b\u0435 \u0434\u0430\u043d\u043d\u044b\u0435.<\/li><li>\u041e\u0444\u043e\u0440\u043c\u0438\u0442\u0435 \u0437\u0430\u043a\u0430\u0437, \u0438 \u0432 \u0442\u0435\u0447\u0435\u043d\u0438\u0435 2-4 \u0440\u0430\u0431\u043e\u0447\u0438\u0445 \u0434\u043d\u0435\u0439 \u0432\u044b \u043f\u043e\u043b\u0443\u0447\u0438\u0442\u0435 \u043d\u0430\u0431\u043e\u0440 \u0434\u043b\u044f \u0442\u0435\u0441\u0442\u0438\u0440\u043e\u0432\u0430\u043d\u0438\u044f \u0414\u041d\u041a.<\/li><li>\u0412\u043d\u0438\u043c\u0430\u0442\u0435\u043b\u044c\u043d\u043e \u043f\u0440\u043e\u0447\u0442\u0438\u0442\u0435 \u0440\u0443\u043a\u043e\u0432\u043e\u0434\u0441\u0442\u0432\u043e \u0438 \u0440\u0443\u043a\u043e\u0432\u043e\u0434\u0441\u0442\u0432\u0443\u0439\u0442\u0435\u0441\u044c \u0443\u0447\u0435\u0431\u043d\u044b\u043c\u0438 \u043f\u043e\u0441\u043e\u0431\u0438\u044f\u043c\u0438<\/li><li>\u0412\u043e\u0437\u044c\u043c\u0438\u0442\u0435 \u043e\u0431\u0440\u0430\u0437\u0446\u044b \u0414\u041d\u041a \u0432 \u0441\u043e\u043e\u0442\u0432\u0435\u0442\u0441\u0442\u0432\u0438\u0438 \u0441 \u0438\u043d\u0441\u0442\u0440\u0443\u043a\u0446\u0438\u044f\u043c\u0438<\/li><li>\u0417\u0430\u043f\u043e\u043b\u043d\u0438\u0442\u0435 \u00ab\u0414\u043e\u043a\u0443\u043c\u0435\u043d\u0442 \u043e \u0441\u043e\u0433\u043b\u0430\u0441\u0438\u0438\u00bb<\/li><li>\u041f\u043e\u043c\u0435\u0441\u0442\u0438\u0442\u0435 \u043e\u0431\u0440\u0430\u0437\u0446\u044b \u0414\u041d\u041a \u0432 \u043f\u0440\u0435\u0434\u043f\u043e\u043b\u0430\u0433\u0430\u0435\u043c\u044b\u0435 \u043a\u043e\u043d\u0432\u0435\u0440\u0442\u044b<\/li><\/ul>\t\t\t\t\t\t\t\t<\/div>\n\t\t\t\t<\/div>\n\t\t\t\t\t<\/div>\n\t\t<\/div>\n\t\t\t\t\t<\/div>\n\t\t<\/section>\n\t\t\t\t<\/div>","protected":false},"excerpt":{"rendered":"<p>Kuidas tellida Valige sobiv test ja sisestage vajalikud andmed Testide k\u00e4ttesaamisel k\u00e4ituge vastavalt juhendile Peale testimist tagastage DNA proovid etten\u00e4htud tagastamise \u00fcmbrikuga. Tulemus saadetakse Teile e-posti vahendusel Tellimuse etapid pikemalt lahti seletatud Valige soovitud test. Sisestage vajalikud andmed. Teostage tellimus ning 2-4 t\u00f6\u00f6p\u00e4eva jooksul saabub teile DNA testi komplekt. Lugege juhend hoolikalt l\u00e4bi ja juhinduge [&hellip;]<\/p>\n","protected":false},"author":1,"featured_media":0,"parent":0,"menu_order":0,"comment_status":"closed","ping_status":"closed","template":"","meta":{"site-sidebar-layout":"no-sidebar","site-content-layout":"page-builder","ast-site-content-layout":"full-width-container","site-content-style":"default","site-sidebar-style":"default","ast-global-header-display":"","ast-banner-title-visibility":"","ast-main-header-display":"","ast-hfb-above-header-display":"","ast-hfb-below-header-display":"","ast-hfb-mobile-header-display":"","site-post-title":"disabled","ast-breadcrumbs-content":"","ast-featured-img":"disabled","footer-sml-layout":"","ast-disable-related-posts":"","theme-transparent-header-meta":"","adv-header-id-meta":"","stick-header-meta":"","header-above-stick-meta":"","header-main-stick-meta":"","header-below-stick-meta":"","astra-migrate-meta-layouts":"set","ast-page-background-enabled":"default","ast-page-background-meta":{"desktop":{"background-color":"","background-image":"","background-repeat":"repeat","background-position":"center center","background-size":"auto","background-attachment":"scroll","background-type":"","background-media":"","overlay-type":"","overlay-color":"","overlay-opacity":"","overlay-gradient":""},"tablet":{"background-color":"","background-image":"","background-repeat":"repeat","background-position":"center center","background-size":"auto","background-attachment":"scroll","background-type":"","background-media":"","overlay-type":"","overlay-color":"","overlay-opacity":"","overlay-gradient":""},"mobile":{"background-color":"","background-image":"","background-repeat":"repeat","background-position":"center center","background-size":"auto","background-attachment":"scroll","background-type":"","background-media":"","overlay-type":"","overlay-color":"","overlay-opacity":"","overlay-gradient":""}},"ast-content-background-meta":{"desktop":{"background-color":"var(--ast-global-color-5)","background-image":"","background-repeat":"repeat","background-position":"center center","background-size":"auto","background-attachment":"scroll","background-type":"","background-media":"","overlay-type":"","overlay-color":"","overlay-opacity":"","overlay-gradient":""},"tablet":{"background-color":"var(--ast-global-color-5)","background-image":"","background-repeat":"repeat","background-position":"center center","background-size":"auto","background-attachment":"scroll","background-type":"","background-media":"","overlay-type":"","overlay-color":"","overlay-opacity":"","overlay-gradient":""},"mobile":{"background-color":"var(--ast-global-color-5)","background-image":"","background-repeat":"repeat","background-position":"center center","background-size":"auto","background-attachment":"scroll","background-type":"","background-media":"","overlay-type":"","overlay-color":"","overlay-opacity":"","overlay-gradient":""}},"footnotes":""},"class_list":["post-4504","page","type-page","status-publish","hentry"],"_links":{"self":[{"href":"https:\/\/dnatest.ee\/ru\/wp-json\/wp\/v2\/pages\/4504","targetHints":{"allow":["GET"]}}],"collection":[{"href":"https:\/\/dnatest.ee\/ru\/wp-json\/wp\/v2\/pages"}],"about":[{"href":"https:\/\/dnatest.ee\/ru\/wp-json\/wp\/v2\/types\/page"}],"author":[{"embeddable":true,"href":"https:\/\/dnatest.ee\/ru\/wp-json\/wp\/v2\/users\/1"}],"replies":[{"embeddable":true,"href":"https:\/\/dnatest.ee\/ru\/wp-json\/wp\/v2\/comments?post=4504"}],"version-history":[{"count":7,"href":"https:\/\/dnatest.ee\/ru\/wp-json\/wp\/v2\/pages\/4504\/revisions"}],"predecessor-version":[{"id":4645,"href":"https:\/\/dnatest.ee\/ru\/wp-json\/wp\/v2\/pages\/4504\/revisions\/4645"}],"wp:attachment":[{"href":"https:\/\/dnatest.ee\/ru\/wp-json\/wp\/v2\/media?parent=4504"}],"curies":[{"name":"wp","href":"https:\/\/api.w.org\/{rel}","templated":true}]}}