{"id":4930,"date":"2024-01-29T08:25:49","date_gmt":"2024-01-29T08:25:49","guid":{"rendered":"https:\/\/dnatest.ee\/?page_id=4930"},"modified":"2024-01-29T08:27:07","modified_gmt":"2024-01-29T08:27:07","slug":"amd","status":"publish","type":"page","link":"https:\/\/dnatest.ee\/ru\/amd\/","title":{"rendered":"AMD"},"content":{"rendered":"<div data-elementor-type=\"wp-page\" data-elementor-id=\"4930\" class=\"elementor elementor-4930\">\n\t\t\t\t\t\t<section class=\"elementor-section elementor-top-section elementor-element elementor-element-35c654b7 Vecvecaku elementor-section-boxed elementor-section-height-default elementor-section-height-default exad-glass-effect-no exad-sticky-section-no\" data-id=\"35c654b7\" data-element_type=\"section\" data-e-type=\"section\" data-settings=\"{&quot;background_background&quot;:&quot;classic&quot;}\">\n\t\t\t\t\t\t<div class=\"elementor-container elementor-column-gap-default\">\n\t\t\t\t\t<div class=\"elementor-column elementor-col-33 elementor-top-column elementor-element elementor-element-68e80bc exad-glass-effect-no exad-sticky-section-no\" data-id=\"68e80bc\" data-element_type=\"column\" data-e-type=\"column\">\n\t\t\t<div class=\"elementor-widget-wrap elementor-element-populated\">\n\t\t\t\t\t\t<div class=\"elementor-element elementor-element-7ff1b591 exad-sticky-section-no exad-glass-effect-no elementor-widget elementor-widget-image\" data-id=\"7ff1b591\" data-element_type=\"widget\" data-e-type=\"widget\" data-widget_type=\"image.default\">\n\t\t\t\t<div class=\"elementor-widget-container\">\n\t\t\t\t\t\t\t\t\t\t\t\t\t\t\t<img fetchpriority=\"high\" decoding=\"async\" width=\"512\" height=\"512\" src=\"https:\/\/dnatest.ee\/wp-content\/uploads\/2024\/01\/protection.png\" class=\"attachment-large size-large wp-image-4852\" alt=\"\" srcset=\"https:\/\/dnatest.ee\/wp-content\/uploads\/2024\/01\/protection.png 512w, https:\/\/dnatest.ee\/wp-content\/uploads\/2024\/01\/protection-300x300.png 300w, https:\/\/dnatest.ee\/wp-content\/uploads\/2024\/01\/protection-150x150.png 150w, https:\/\/dnatest.ee\/wp-content\/uploads\/2024\/01\/protection-12x12.png 12w, https:\/\/dnatest.ee\/wp-content\/uploads\/2024\/01\/protection-100x100.png 100w\" sizes=\"(max-width: 512px) 100vw, 512px\" \/>\t\t\t\t\t\t\t\t\t\t\t\t\t\t\t<\/div>\n\t\t\t\t<\/div>\n\t\t\t\t\t<\/div>\n\t\t<\/div>\n\t\t\t\t<div class=\"elementor-column elementor-col-66 elementor-top-column elementor-element elementor-element-37fbfd10 exad-glass-effect-no exad-sticky-section-no\" data-id=\"37fbfd10\" data-element_type=\"column\" data-e-type=\"column\">\n\t\t\t<div class=\"elementor-widget-wrap elementor-element-populated\">\n\t\t\t\t\t\t<div class=\"elementor-element elementor-element-19eb1822 exad-sticky-section-no exad-glass-effect-no elementor-widget elementor-widget-heading\" data-id=\"19eb1822\" data-element_type=\"widget\" data-e-type=\"widget\" data-widget_type=\"heading.default\">\n\t\t\t\t<div class=\"elementor-widget-container\">\n\t\t\t\t\t<h2 class=\"elementor-heading-title elementor-size-default\">AMD<\/h2>\t\t\t\t<\/div>\n\t\t\t\t<\/div>\n\t\t\t\t<div class=\"elementor-element elementor-element-493c032d exad-sticky-section-no exad-glass-effect-no elementor-widget elementor-widget-text-editor\" data-id=\"493c032d\" data-element_type=\"widget\" data-e-type=\"widget\" data-widget_type=\"text-editor.default\">\n\t\t\t\t<div class=\"elementor-widget-container\">\n\t\t\t\t\t\t\t\t\t<p>Ealine maakuli degeneratsioon (Age-Related Macular Degeneration \u2013 AMD) ehk kollat\u00e4hni k\u00e4rbumine on haigus, millele on iseloomulik krooniline ja progresseeruv reetina tsentraalse piirkonna (maakuli) degeneratsioon.<\/p><p>Maakuli degeneratsioonil on kaks erinevat vormi. 90% juhtudel esineb \u201ekuiv\u201c maakuli degeneratsioon. \u201eKuiv\u201c vorm areneb ja kahjustab n\u00e4gemist aeglaselt, kuid see v\u00f5ib \u00fcle minna kiiremini progresseeruvaks \u201em\u00e4rjaks\u201c vormiks.<\/p><p>Ealise maakuli degeneratsiooni riski hindamist soovitatakse inimestele, kelle pereanamneesis esineb ealise maakuli degeneratsiooni juhtumeid ja k\u00f5rgenenud riskiga inimeste l\u00e4hisugulastele. K\u00f5rgenenud riski hindamine v\u00f5imaldab varem alustada patsiendi j\u00e4lgimist ja seega ka haiguse varasemat diagnoosimist.<\/p><p><strong>Proovimaterjal:<\/strong>\u00a0DNA proov suust p\u00f5se sisek\u00fcljelt<br \/>Prooviv\u00f5tmise komplekt saadetakse\u00a0tellimuses m\u00e4rgitud viisil.<\/p>\t\t\t\t\t\t\t\t<\/div>\n\t\t\t\t<\/div>\n\t\t\t\t<section class=\"elementor-section elementor-inner-section elementor-element elementor-element-28fb995 elementor-section-boxed elementor-section-height-default elementor-section-height-default exad-glass-effect-no exad-sticky-section-no\" data-id=\"28fb995\" data-element_type=\"section\" data-e-type=\"section\">\n\t\t\t\t\t\t<div class=\"elementor-container elementor-column-gap-default\">\n\t\t\t\t\t<div class=\"elementor-column elementor-col-100 elementor-inner-column elementor-element elementor-element-226701f6 exad-glass-effect-no exad-sticky-section-no\" data-id=\"226701f6\" data-element_type=\"column\" data-e-type=\"column\">\n\t\t\t<div class=\"elementor-widget-wrap elementor-element-populated\">\n\t\t\t\t\t\t<div class=\"elementor-element elementor-element-5f20cb5e exad-sticky-section-no exad-glass-effect-no elementor-widget elementor-widget-heading\" data-id=\"5f20cb5e\" data-element_type=\"widget\" data-e-type=\"widget\" data-widget_type=\"heading.default\">\n\t\t\t\t<div class=\"elementor-widget-container\">\n\t\t\t\t\t<h5 class=\"elementor-heading-title elementor-size-default\">89 \u20ac<\/h5>\t\t\t\t<\/div>\n\t\t\t\t<\/div>\n\t\t\t\t<div class=\"elementor-element elementor-element-2ff1cd98 elementor-align-left elementor-mobile-align-center exad-sticky-section-no exad-glass-effect-no elementor-widget elementor-widget-button\" data-id=\"2ff1cd98\" data-element_type=\"widget\" data-e-type=\"widget\" data-widget_type=\"button.default\">\n\t\t\t\t<div class=\"elementor-widget-container\">\n\t\t\t\t\t\t\t\t\t<div class=\"elementor-button-wrapper\">\n\t\t\t\t\t<a class=\"elementor-button elementor-button-link elementor-size-sm\" href=\"https:\/\/dnatest.ee\/ru\/?add-to-cart=4906&#038;quantity=1\">\n\t\t\t\t\t\t<span class=\"elementor-button-content-wrapper\">\n\t\t\t\t\t\t\t\t\t<span class=\"elementor-button-text\">\u0417\u0430\u043a\u0430\u0437\u0430\u0442\u044c \u0442\u0435\u0441\u0442<\/span>\n\t\t\t\t\t<\/span>\n\t\t\t\t\t<\/a>\n\t\t\t\t<\/div>\n\t\t\t\t\t\t\t\t<\/div>\n\t\t\t\t<\/div>\n\t\t\t\t\t<\/div>\n\t\t<\/div>\n\t\t\t\t\t<\/div>\n\t\t<\/section>\n\t\t\t\t\t<\/div>\n\t\t<\/div>\n\t\t\t\t\t<\/div>\n\t\t<\/section>\n\t\t\t\t<\/div>","protected":false},"excerpt":{"rendered":"<p>AMD Ealine maakuli degeneratsioon (Age-Related Macular Degeneration \u2013 AMD) ehk kollat\u00e4hni k\u00e4rbumine on haigus, millele on iseloomulik krooniline ja progresseeruv reetina tsentraalse piirkonna (maakuli) degeneratsioon. Maakuli degeneratsioonil on kaks erinevat vormi. 90% juhtudel esineb \u201ekuiv\u201c maakuli degeneratsioon. \u201eKuiv\u201c vorm areneb ja kahjustab n\u00e4gemist aeglaselt, kuid see v\u00f5ib \u00fcle minna kiiremini progresseeruvaks \u201em\u00e4rjaks\u201c vormiks. Ealise maakuli [&hellip;]<\/p>\n","protected":false},"author":1,"featured_media":0,"parent":0,"menu_order":0,"comment_status":"closed","ping_status":"closed","template":"","meta":{"site-sidebar-layout":"no-sidebar","site-content-layout":"page-builder","ast-site-content-layout":"full-width-container","site-content-style":"default","site-sidebar-style":"default","ast-global-header-display":"","ast-banner-title-visibility":"","ast-main-header-display":"","ast-hfb-above-header-display":"","ast-hfb-below-header-display":"","ast-hfb-mobile-header-display":"","site-post-title":"disabled","ast-breadcrumbs-content":"","ast-featured-img":"disabled","footer-sml-layout":"","ast-disable-related-posts":"","theme-transparent-header-meta":"","adv-header-id-meta":"","stick-header-meta":"","header-above-stick-meta":"","header-main-stick-meta":"","header-below-stick-meta":"","astra-migrate-meta-layouts":"set","ast-page-background-enabled":"default","ast-page-background-meta":{"desktop":{"background-color":"","background-image":"","background-repeat":"repeat","background-position":"center center","background-size":"auto","background-attachment":"scroll","background-type":"","background-media":"","overlay-type":"","overlay-color":"","overlay-opacity":"","overlay-gradient":""},"tablet":{"background-color":"","background-image":"","background-repeat":"repeat","background-position":"center center","background-size":"auto","background-attachment":"scroll","background-type":"","background-media":"","overlay-type":"","overlay-color":"","overlay-opacity":"","overlay-gradient":""},"mobile":{"background-color":"","background-image":"","background-repeat":"repeat","background-position":"center center","background-size":"auto","background-attachment":"scroll","background-type":"","background-media":"","overlay-type":"","overlay-color":"","overlay-opacity":"","overlay-gradient":""}},"ast-content-background-meta":{"desktop":{"background-color":"var(--ast-global-color-5)","background-image":"","background-repeat":"repeat","background-position":"center center","background-size":"auto","background-attachment":"scroll","background-type":"","background-media":"","overlay-type":"","overlay-color":"","overlay-opacity":"","overlay-gradient":""},"tablet":{"background-color":"var(--ast-global-color-5)","background-image":"","background-repeat":"repeat","background-position":"center center","background-size":"auto","background-attachment":"scroll","background-type":"","background-media":"","overlay-type":"","overlay-color":"","overlay-opacity":"","overlay-gradient":""},"mobile":{"background-color":"var(--ast-global-color-5)","background-image":"","background-repeat":"repeat","background-position":"center center","background-size":"auto","background-attachment":"scroll","background-type":"","background-media":"","overlay-type":"","overlay-color":"","overlay-opacity":"","overlay-gradient":""}},"footnotes":""},"class_list":["post-4930","page","type-page","status-publish","hentry"],"_links":{"self":[{"href":"https:\/\/dnatest.ee\/ru\/wp-json\/wp\/v2\/pages\/4930","targetHints":{"allow":["GET"]}}],"collection":[{"href":"https:\/\/dnatest.ee\/ru\/wp-json\/wp\/v2\/pages"}],"about":[{"href":"https:\/\/dnatest.ee\/ru\/wp-json\/wp\/v2\/types\/page"}],"author":[{"embeddable":true,"href":"https:\/\/dnatest.ee\/ru\/wp-json\/wp\/v2\/users\/1"}],"replies":[{"embeddable":true,"href":"https:\/\/dnatest.ee\/ru\/wp-json\/wp\/v2\/comments?post=4930"}],"version-history":[{"count":4,"href":"https:\/\/dnatest.ee\/ru\/wp-json\/wp\/v2\/pages\/4930\/revisions"}],"predecessor-version":[{"id":4952,"href":"https:\/\/dnatest.ee\/ru\/wp-json\/wp\/v2\/pages\/4930\/revisions\/4952"}],"wp:attachment":[{"href":"https:\/\/dnatest.ee\/ru\/wp-json\/wp\/v2\/media?parent=4930"}],"curies":[{"name":"wp","href":"https:\/\/api.w.org\/{rel}","templated":true}]}}